{"id":10,"date":"2024-03-16T10:18:24","date_gmt":"2024-03-16T09:18:24","guid":{"rendered":"https:\/\/location-charvin.fr\/?page_id=10"},"modified":"2024-05-26T17:48:16","modified_gmt":"2024-05-26T15:48:16","slug":"location-charvin-thones-location-saisonniere","status":"publish","type":"page","link":"https:\/\/location-charvin.fr\/","title":{"rendered":"Accueil"},"content":{"rendered":"\t\t<div data-elementor-type=\"wp-page\" data-elementor-id=\"10\" class=\"elementor elementor-10\">\n\t\t\t\t<div class=\"elementor-element elementor-element-62231a9 e-con-full e-flex e-con e-parent\" data-id=\"62231a9\" data-element_type=\"container\">\n\t\t\t\t<div class=\"elementor-element elementor-element-40cf816 elementor-widget elementor-widget-heading\" data-id=\"40cf816\" data-element_type=\"widget\" data-widget_type=\"heading.default\">\n\t\t\t\t<div class=\"elementor-widget-container\">\n\t\t\t<style>\/*! elementor - v3.21.0 - 08-05-2024 *\/\n.elementor-heading-title{padding:0;margin:0;line-height:1}.elementor-widget-heading .elementor-heading-title[class*=elementor-size-]>a{color:inherit;font-size:inherit;line-height:inherit}.elementor-widget-heading .elementor-heading-title.elementor-size-small{font-size:15px}.elementor-widget-heading .elementor-heading-title.elementor-size-medium{font-size:19px}.elementor-widget-heading .elementor-heading-title.elementor-size-large{font-size:29px}.elementor-widget-heading .elementor-heading-title.elementor-size-xl{font-size:39px}.elementor-widget-heading .elementor-heading-title.elementor-size-xxl{font-size:59px}<\/style><h2 class=\"elementor-heading-title elementor-size-default\">Location Charvin 4* Th\u00f4nes<\/h2>\t\t<\/div>\n\t\t\t\t<\/div>\n\t\t\t\t<div class=\"elementor-element elementor-element-5867da3 elementor-widget elementor-widget-text-editor\" data-id=\"5867da3\" data-element_type=\"widget\" data-widget_type=\"text-editor.default\">\n\t\t\t\t<div class=\"elementor-widget-container\">\n\t\t\t<style>\/*! elementor - v3.21.0 - 08-05-2024 *\/\n.elementor-widget-text-editor.elementor-drop-cap-view-stacked .elementor-drop-cap{background-color:#69727d;color:#fff}.elementor-widget-text-editor.elementor-drop-cap-view-framed .elementor-drop-cap{color:#69727d;border:3px solid;background-color:transparent}.elementor-widget-text-editor:not(.elementor-drop-cap-view-default) .elementor-drop-cap{margin-top:8px}.elementor-widget-text-editor:not(.elementor-drop-cap-view-default) .elementor-drop-cap-letter{width:1em;height:1em}.elementor-widget-text-editor .elementor-drop-cap{float:left;text-align:center;line-height:1;font-size:50px}.elementor-widget-text-editor .elementor-drop-cap-letter{display:inline-block}<\/style>\t\t\t\t<p><strong><span style=\"text-decoration: underline;\">****\u00a0 Site en construction\u00a0 ****<\/span><\/strong><\/p><p><span style=\"color: #1d1d1b; font-family: 'SF Pro Display', 'Open Sans', arial, sans-serif; font-size: 22px; font-style: normal; font-variant-ligatures: normal; font-variant-caps: normal; font-weight: 400;\">Bel appartement ind\u00e9pendant en maison, class\u00e9 4 \u00e9toiles pour 4 personnes.<br \/>Enti\u00e8rement r\u00e9nov\u00e9 \u00e0 neuf, t<\/span><span style=\"color: #1d1d1b; font-family: 'SF Pro Display', 'Open Sans', arial, sans-serif; font-size: 22px; font-style: normal; font-variant-ligatures: normal; font-variant-caps: normal; font-weight: 400;\">out est con\u00e7u pour votre confort, vous n&rsquo;avez qu&rsquo;\u00e0 poser vos valises et profiter de cette belle r\u00e9gion entre le lac d&rsquo;Annecy et les Montagnes des Aravis.<br \/><\/span><span style=\"color: #444444; font-family: 'SF Pro Display', 'Open Sans', arial, sans-serif; font-size: 18px; font-style: normal; font-variant-ligatures: normal; font-variant-caps: normal; font-weight: 400;\">La location est situ\u00e9e \u00e0 500m du centre-ville de Th\u00f4nes. La location et les \u00e9quipements sont d&rsquo;une propret\u00e9 irr\u00e9prochable pour votre plus grand confort et nous accordons beaucoup d&rsquo;attention sur ce point.<br \/><\/span><span style=\"color: #444444; font-family: 'SF Pro Display', 'Open Sans', arial, sans-serif; font-size: 18px; font-style: normal; font-variant-ligatures: normal; font-variant-caps: normal; font-weight: 400;\">Les lits sont fait \u00e0 votre arriv\u00e9e.<br \/>Parking gratuit, 2 places priv\u00e9es devant la location. Borne de recharge 230V-10A pour v\u00e9hicule \u00e9lectrique.<\/span><\/p>\t\t\t\t\t\t<\/div>\n\t\t\t\t<\/div>\n\t\t\t\t<\/div>\n\t\t<div class=\"elementor-element elementor-element-1b0eb75 e-flex e-con-boxed e-con e-parent\" data-id=\"1b0eb75\" data-element_type=\"container\">\n\t\t\t\t\t<div class=\"e-con-inner\">\n\t\t\t\t<div class=\"elementor-element elementor-element-f8ee87d elementor-widget elementor-widget-image\" data-id=\"f8ee87d\" data-element_type=\"widget\" data-widget_type=\"image.default\">\n\t\t\t\t<div class=\"elementor-widget-container\">\n\t\t\t<style>\/*! elementor - v3.21.0 - 08-05-2024 *\/\n.elementor-widget-image{text-align:center}.elementor-widget-image a{display:inline-block}.elementor-widget-image a img[src$=\".svg\"]{width:48px}.elementor-widget-image img{vertical-align:middle;display:inline-block}<\/style>\t\t\t\t\t\t\t\t\t\t<img fetchpriority=\"high\" decoding=\"async\" width=\"800\" height=\"450\" src=\"https:\/\/location-charvin.fr\/wp-content\/uploads\/2024\/03\/Salon-4-800x450.jpg\" class=\"attachment-ocean-thumb-ml size-ocean-thumb-ml wp-image-89\" alt=\"\" srcset=\"https:\/\/location-charvin.fr\/wp-content\/uploads\/2024\/03\/Salon-4-800x450.jpg 800w, https:\/\/location-charvin.fr\/wp-content\/uploads\/2024\/03\/Salon-4-300x169.jpg 300w, https:\/\/location-charvin.fr\/wp-content\/uploads\/2024\/03\/Salon-4-1024x576.jpg 1024w, https:\/\/location-charvin.fr\/wp-content\/uploads\/2024\/03\/Salon-4-768x432.jpg 768w, https:\/\/location-charvin.fr\/wp-content\/uploads\/2024\/03\/Salon-4-1536x864.jpg 1536w, https:\/\/location-charvin.fr\/wp-content\/uploads\/2024\/03\/Salon-4-2048x1152.jpg 2048w\" sizes=\"(max-width: 800px) 100vw, 800px\" \/>\t\t\t\t\t\t\t\t\t\t\t\t\t<\/div>\n\t\t\t\t<\/div>\n\t\t\t\t\t<\/div>\n\t\t\t\t<\/div>\n\t\t<div class=\"elementor-element elementor-element-4aaee02 e-flex e-con-boxed e-con e-parent\" data-id=\"4aaee02\" data-element_type=\"container\">\n\t\t\t\t\t<div class=\"e-con-inner\">\n\t\t\t\t<div class=\"elementor-element elementor-element-1c11d13 elementor-widget elementor-widget-heading\" data-id=\"1c11d13\" data-element_type=\"widget\" data-widget_type=\"heading.default\">\n\t\t\t\t<div class=\"elementor-widget-container\">\n\t\t\t<h2 class=\"elementor-heading-title elementor-size-default\">Equipements de la location<\/h2>\t\t<\/div>\n\t\t\t\t<\/div>\n\t\t\t\t<div class=\"elementor-element elementor-element-a9b0fbf elementor-widget elementor-widget-text-editor\" data-id=\"a9b0fbf\" data-element_type=\"widget\" data-widget_type=\"text-editor.default\">\n\t\t\t\t<div class=\"elementor-widget-container\">\n\t\t\t\t\t\t\t<p><span style=\"color: #444444; font-family: 'SF Pro Display', 'Open Sans', arial, sans-serif; font-size: 18px; font-style: normal; font-variant-ligatures: normal; font-variant-caps: normal;\"><b>La\u00a0cuisine <\/b><\/span><span style=\"color: #444444; font-family: 'SF Pro Display', 'Open Sans', arial, sans-serif; font-size: 18px; font-style: normal; font-variant-ligatures: normal; font-variant-caps: normal; font-weight: 400;\">am\u00e9nag\u00e9e avec une baie vitr\u00e9e donnant sur un grand balcon.<\/span><br style=\"-webkit-font-smoothing: antialiased; text-rendering: optimizelegibility; margin: 0px; padding: 0px; color: #444444; font-family: 'SF Pro Display', 'Open Sans', arial, sans-serif; font-size: 18px;\" \/><span style=\"color: #444444; font-family: 'SF Pro Display', 'Open Sans', arial, sans-serif; font-size: 18px; font-style: normal; font-variant-ligatures: normal; font-variant-caps: normal; font-weight: 400;\">Plaque \u00e0 induction, four, micro-onde, lave-vaisselle, grand frigo, cafeti\u00e8re filtre, bouilloire, grille-pain, appareil \u00e0 raclette, appareil \u00e0 fondue, appareil \u00e0 cr\u00eapes,&#8230;<\/span><\/p><p><span style=\"color: #444444; font-family: 'SF Pro Display', 'Open Sans', arial, sans-serif; font-size: 18px; font-style: normal; font-variant-ligatures: normal; font-variant-caps: normal;\"><b>Le salon <\/b><\/span><span style=\"color: #444444; font-family: 'SF Pro Display', 'Open Sans', arial, sans-serif; font-size: 18px; font-style: normal; font-variant-ligatures: normal; font-variant-caps: normal; font-weight: 400;\">en espace commun avec la cuisine et une baie vitr\u00e9e donnant aussi sur le grand balcon.<\/span><br style=\"-webkit-font-smoothing: antialiased; text-rendering: optimizelegibility; margin: 0px; padding: 0px; color: #444444; font-family: 'SF Pro Display', 'Open Sans', arial, sans-serif; font-size: 18px;\" \/><span style=\"color: #444444; font-family: 'SF Pro Display', 'Open Sans', arial, sans-serif; font-size: 18px; font-style: normal; font-variant-ligatures: normal; font-variant-caps: normal; font-weight: 400;\">Table \u00e0 manger 140&#215;90 et 4 belles chaises confortables.<\/span><br style=\"-webkit-font-smoothing: antialiased; text-rendering: optimizelegibility; margin: 0px; padding: 0px; color: #444444; font-family: 'SF Pro Display', 'Open Sans', arial, sans-serif; font-size: 18px;\" \/><span style=\"color: #444444; font-family: 'SF Pro Display', 'Open Sans', arial, sans-serif; font-size: 18px; font-style: normal; font-variant-ligatures: normal; font-variant-caps: normal; font-weight: 400;\">Canap\u00e9 confortable 3 places, convertible en v\u00e9ritable lit 2 places, matelas de 140&#215;190.<\/span><br style=\"-webkit-font-smoothing: antialiased; text-rendering: optimizelegibility; margin: 0px; padding: 0px; color: #444444; font-family: 'SF Pro Display', 'Open Sans', arial, sans-serif; font-size: 18px;\" \/><span style=\"color: #444444; font-family: 'SF Pro Display', 'Open Sans', arial, sans-serif; font-size: 18px; font-style: normal; font-variant-ligatures: normal; font-variant-caps: normal; font-weight: 400;\">Table basse et buffet pour le rangement de la vaisselle et des appareils.<\/span><br style=\"-webkit-font-smoothing: antialiased; text-rendering: optimizelegibility; margin: 0px; padding: 0px; color: #444444; font-family: 'SF Pro Display', 'Open Sans', arial, sans-serif; font-size: 18px;\" \/><span style=\"color: #444444; font-family: 'SF Pro Display', 'Open Sans', arial, sans-serif; font-size: 18px; font-style: normal; font-variant-ligatures: normal; font-variant-caps: normal; font-weight: 400;\">Une TV LED Full HD 42 pouces (107cm), \u00e9quip\u00e9e de Google Chromecast.<\/span><\/p><p><span style=\"color: #444444; font-family: 'SF Pro Display', 'Open Sans', arial, sans-serif; font-size: 18px; font-style: normal; font-variant-ligatures: normal; font-variant-caps: normal;\"><b>La chambre<\/b><\/span><span style=\"color: #444444; font-family: 'SF Pro Display', 'Open Sans', arial, sans-serif; font-size: 18px; font-style: normal; font-variant-ligatures: normal; font-variant-caps: normal; font-weight: 400;\"> est \u00e9quip\u00e9e avec un grand lit tr\u00e8s confortable (literie neuve) matelas 160&#215;200, 2 chevets et une armoire de rangement. Une TV LED UHD 4k, 43 pouces (110cm), connect\u00e9e \u00e0 internet. Le lit est fait \u00e0 votre arriv\u00e9e par nos soins et les draps et serviettes de toilettes sont fournis.<\/span><\/p><p><span style=\"color: #444444; font-family: 'SF Pro Display', 'Open Sans', arial, sans-serif; font-size: 18px; font-style: normal; font-variant-ligatures: normal; font-variant-caps: normal;\"><b>La salle de bain<\/b><\/span><span style=\"color: #444444; font-family: 'SF Pro Display', 'Open Sans', arial, sans-serif; font-size: 18px; font-style: normal; font-variant-ligatures: normal; font-variant-caps: normal; font-weight: 400;\"> avec deux vasques et deux grands miroirs \u00e0 \u00e9clairage LED, une grande douche \u00e0 l&rsquo;italienne 80&#215;130, un grand radiateur s\u00e8che serviette, une machine \u00e0 laver le linge et une fen\u00eatre donnant sur le jardin.<\/span><br style=\"-webkit-font-smoothing: antialiased; text-rendering: optimizelegibility; margin: 0px; padding: 0px; color: #444444; font-family: 'SF Pro Display', 'Open Sans', arial, sans-serif; font-size: 18px;\" \/><span style=\"color: #444444; font-family: 'SF Pro Display', 'Open Sans', arial, sans-serif; font-size: 18px; font-style: normal; font-variant-ligatures: normal; font-variant-caps: normal; font-weight: 400;\">WC ind\u00e9pendant.<\/span><\/p><p><span style=\"font-style: normal; font-variant-ligatures: normal; font-variant-caps: normal; text-align: var(--text-align); color: #444444; font-family: 'SF Pro Display', 'Open Sans', arial, sans-serif; font-size: 18px;\"><b>Grand balcon<\/b><\/span><span style=\"font-style: normal; font-variant-ligatures: normal; font-variant-caps: normal; font-weight: 400; text-align: var(--text-align); color: #444444; font-family: 'SF Pro Display', 'Open Sans', arial, sans-serif; font-size: 18px;\"> de 7m expos\u00e9 Sud, accessible depuis la cuisine et le salon avec une vue imprenable sur le massif de la Tournette. Table de jardin et 4 chaises pour profiter de cette belle vue.<\/span><\/p><p><span style=\"font-style: normal; font-variant-ligatures: normal; font-variant-caps: normal; text-align: var(--text-align); color: #444444; font-family: 'SF Pro Display', 'Open Sans', arial, sans-serif; font-size: 18px;\"><b>Pour les enfants<\/b><\/span><span style=\"font-style: normal; font-variant-ligatures: normal; font-variant-caps: normal; font-weight: 400; text-align: var(--text-align); color: #444444; font-family: 'SF Pro Display', 'Open Sans', arial, sans-serif; font-size: 18px;\"> en bas \u00e2ge, nous pouvons vous mettre \u00e0 disposition un lit parapluie avec un vrai matelas, une chaise haute et des jouets.<\/span><\/p><p><span style=\"font-style: normal; font-variant-ligatures: normal; font-variant-caps: normal; text-align: var(--text-align); color: #444444; font-family: 'SF Pro Display', 'Open Sans', arial, sans-serif; font-size: 18px;\"><b>Internet <\/b><\/span><span style=\"font-style: normal; font-variant-ligatures: normal; font-variant-caps: normal; font-weight: 400; text-align: var(--text-align); color: #444444; font-family: 'SF Pro Display', 'Open Sans', arial, sans-serif; font-size: 18px;\">Wifi gratuit tr\u00e8s haut d\u00e9bit 150 Mbits\/s.<\/span><\/p><p><strong style=\"color: #444444; font-family: 'SF Pro Display', 'Open Sans', arial, sans-serif; font-size: 18px; font-style: normal; font-variant-ligatures: normal; font-variant-caps: normal; text-align: var(--text-align);\">Grand espace vert<\/strong><span style=\"color: #444444; font-family: 'SF Pro Display', 'Open Sans', arial, sans-serif; font-size: 18px; font-style: normal; font-variant-ligatures: normal; font-variant-caps: normal; font-weight: 400; text-align: var(--text-align);\"> autour de la location. Notre bac \u00e0 compost dans le jardin est disponible pour vos d\u00e9chets organiques.<br \/><\/span><span style=\"color: #444444; font-family: 'SF Pro Display', 'Open Sans', arial, sans-serif; font-size: 18px; font-style: normal; font-variant-ligatures: normal; font-variant-caps: normal; font-weight: 400; text-align: var(--text-align);\">Nous pouvons aussi vous proposer des \u0153ufs frais bio de nos poules.<\/span><\/p><p><span style=\"color: #444444; font-family: 'SF Pro Display', 'Open Sans', arial, sans-serif; font-size: 18px; font-style: normal; font-variant-ligatures: normal; font-variant-caps: normal; font-weight: 400; text-align: var(--text-align);\"><strong>Cave priv\u00e9e<\/strong> pour le rangement de vos \u00e9quipements.<\/span><\/p><p><span style=\"color: #444444; font-family: 'SF Pro Display', 'Open Sans', arial, sans-serif; font-size: 18px; font-style: normal; font-variant-ligatures: normal; font-variant-caps: normal; font-weight: 400; text-align: var(--text-align);\">L&rsquo;ensemble de l&rsquo;appartement est en \u00e9clairage LED basse consommation.<\/span><\/p>\t\t\t\t\t\t<\/div>\n\t\t\t\t<\/div>\n\t\t\t\t\t<\/div>\n\t\t\t\t<\/div>\n\t\t<div class=\"elementor-element elementor-element-d39adef e-flex e-con-boxed e-con e-parent\" data-id=\"d39adef\" data-element_type=\"container\">\n\t\t\t\t\t<div class=\"e-con-inner\">\n\t\t\t\t\t<\/div>\n\t\t\t\t<\/div>\n\t\t<div class=\"elementor-element elementor-element-c79242a e-flex e-con-boxed e-con e-parent\" data-id=\"c79242a\" data-element_type=\"container\">\n\t\t\t\t\t<div class=\"e-con-inner\">\n\t\t\t\t\t<\/div>\n\t\t\t\t<\/div>\n\t\t\t\t<\/div>\n\t\t","protected":false},"excerpt":{"rendered":"<p>Location Charvin 4* Th\u00f4nes ****\u00a0 Site en construction\u00a0 **** Bel appartement ind\u00e9pendant en maison, class\u00e9 4 \u00e9toiles pour 4 personnes.Enti\u00e8rement r\u00e9nov\u00e9 \u00e0 neuf, tout est con\u00e7u pour votre confort, vous n&rsquo;avez qu&rsquo;\u00e0 poser vos valises et profiter de cette belle r\u00e9gion entre le lac d&rsquo;Annecy et les Montagnes des Aravis.La location est situ\u00e9e \u00e0 500m [&hellip;]<\/p>\n","protected":false},"author":1,"featured_media":0,"parent":0,"menu_order":0,"comment_status":"closed","ping_status":"closed","template":"","meta":{"footnotes":""},"class_list":["post-10","page","type-page","status-publish","hentry","entry"],"yoast_head":"<!-- This site is optimized with the Yoast SEO plugin v22.7 - https:\/\/yoast.com\/wordpress\/plugins\/seo\/ -->\n<title>Accueil - Location Charvin 4*<\/title>\n<meta name=\"description\" content=\"Vous cherchez une location de vacances \u00e0 Th\u00f4nes pour 4 personnes, proche d&#039;Annecy et des stations des Aravis, alors consultez notre site.\" \/>\n<meta name=\"robots\" content=\"index, follow, max-snippet:-1, max-image-preview:large, max-video-preview:-1\" \/>\n<link rel=\"canonical\" href=\"https:\/\/location-charvin.fr\/\" \/>\n<meta property=\"og:locale\" content=\"fr_FR\" \/>\n<meta property=\"og:type\" content=\"article\" \/>\n<meta property=\"og:title\" content=\"Accueil - Location Charvin 4*\" \/>\n<meta property=\"og:description\" content=\"Vous cherchez une location de vacances \u00e0 Th\u00f4nes pour 4 personnes, proche d&#039;Annecy et des stations des Aravis, alors consultez notre site.\" \/>\n<meta property=\"og:url\" content=\"https:\/\/location-charvin.fr\/\" \/>\n<meta property=\"og:site_name\" content=\"Location Charvin 4*\" \/>\n<meta property=\"article:modified_time\" content=\"2024-05-26T15:48:16+00:00\" \/>\n<meta property=\"og:image\" content=\"http:\/\/location-charvin.fr\/wp-content\/uploads\/2024\/03\/Salon-4-800x450.jpg\" \/>\n<meta name=\"twitter:card\" content=\"summary_large_image\" \/>\n<meta name=\"twitter:label1\" content=\"Dur\u00e9e de lecture estim\u00e9e\" \/>\n\t<meta name=\"twitter:data1\" content=\"3 minutes\" \/>\n<script type=\"application\/ld+json\" class=\"yoast-schema-graph\">{\"@context\":\"https:\/\/schema.org\",\"@graph\":[{\"@type\":\"WebPage\",\"@id\":\"https:\/\/location-charvin.fr\/\",\"url\":\"https:\/\/location-charvin.fr\/\",\"name\":\"Accueil - Location Charvin 4*\",\"isPartOf\":{\"@id\":\"https:\/\/location-charvin.fr\/#website\"},\"primaryImageOfPage\":{\"@id\":\"https:\/\/location-charvin.fr\/#primaryimage\"},\"image\":{\"@id\":\"https:\/\/location-charvin.fr\/#primaryimage\"},\"thumbnailUrl\":\"http:\/\/location-charvin.fr\/wp-content\/uploads\/2024\/03\/Salon-4-800x450.jpg\",\"datePublished\":\"2024-03-16T09:18:24+00:00\",\"dateModified\":\"2024-05-26T15:48:16+00:00\",\"description\":\"Vous cherchez une location de vacances \u00e0 Th\u00f4nes pour 4 personnes, proche d'Annecy et des stations des Aravis, alors consultez notre site.\",\"breadcrumb\":{\"@id\":\"https:\/\/location-charvin.fr\/#breadcrumb\"},\"inLanguage\":\"fr-FR\",\"potentialAction\":[{\"@type\":\"ReadAction\",\"target\":[\"https:\/\/location-charvin.fr\/\"]}]},{\"@type\":\"ImageObject\",\"inLanguage\":\"fr-FR\",\"@id\":\"https:\/\/location-charvin.fr\/#primaryimage\",\"url\":\"https:\/\/location-charvin.fr\/wp-content\/uploads\/2024\/03\/Salon-4-scaled.jpg\",\"contentUrl\":\"https:\/\/location-charvin.fr\/wp-content\/uploads\/2024\/03\/Salon-4-scaled.jpg\",\"width\":2560,\"height\":1440},{\"@type\":\"BreadcrumbList\",\"@id\":\"https:\/\/location-charvin.fr\/#breadcrumb\",\"itemListElement\":[{\"@type\":\"ListItem\",\"position\":1,\"name\":\"Accueil\",\"item\":\"https:\/\/location-charvin.fr\/\"},{\"@type\":\"ListItem\",\"position\":2,\"name\":\"Accueil\"}]},{\"@type\":\"WebSite\",\"@id\":\"https:\/\/location-charvin.fr\/#website\",\"url\":\"https:\/\/location-charvin.fr\/\",\"name\":\"Location Charvin 4*\",\"description\":\"Votre location de vacances tout confort\",\"potentialAction\":[{\"@type\":\"SearchAction\",\"target\":{\"@type\":\"EntryPoint\",\"urlTemplate\":\"https:\/\/location-charvin.fr\/?s={search_term_string}\"},\"query-input\":\"required name=search_term_string\"}],\"inLanguage\":\"fr-FR\"}]}<\/script>\n<!-- \/ Yoast SEO plugin. -->","yoast_head_json":{"title":"Accueil - Location Charvin 4*","description":"Vous cherchez une location de vacances \u00e0 Th\u00f4nes pour 4 personnes, proche d'Annecy et des stations des Aravis, alors consultez notre site.","robots":{"index":"index","follow":"follow","max-snippet":"max-snippet:-1","max-image-preview":"max-image-preview:large","max-video-preview":"max-video-preview:-1"},"canonical":"https:\/\/location-charvin.fr\/","og_locale":"fr_FR","og_type":"article","og_title":"Accueil - Location Charvin 4*","og_description":"Vous cherchez une location de vacances \u00e0 Th\u00f4nes pour 4 personnes, proche d'Annecy et des stations des Aravis, alors consultez notre site.","og_url":"https:\/\/location-charvin.fr\/","og_site_name":"Location Charvin 4*","article_modified_time":"2024-05-26T15:48:16+00:00","og_image":[{"url":"http:\/\/location-charvin.fr\/wp-content\/uploads\/2024\/03\/Salon-4-800x450.jpg"}],"twitter_card":"summary_large_image","twitter_misc":{"Dur\u00e9e de lecture estim\u00e9e":"3 minutes"},"schema":{"@context":"https:\/\/schema.org","@graph":[{"@type":"WebPage","@id":"https:\/\/location-charvin.fr\/","url":"https:\/\/location-charvin.fr\/","name":"Accueil - Location Charvin 4*","isPartOf":{"@id":"https:\/\/location-charvin.fr\/#website"},"primaryImageOfPage":{"@id":"https:\/\/location-charvin.fr\/#primaryimage"},"image":{"@id":"https:\/\/location-charvin.fr\/#primaryimage"},"thumbnailUrl":"http:\/\/location-charvin.fr\/wp-content\/uploads\/2024\/03\/Salon-4-800x450.jpg","datePublished":"2024-03-16T09:18:24+00:00","dateModified":"2024-05-26T15:48:16+00:00","description":"Vous cherchez une location de vacances \u00e0 Th\u00f4nes pour 4 personnes, proche d'Annecy et des stations des Aravis, alors consultez notre site.","breadcrumb":{"@id":"https:\/\/location-charvin.fr\/#breadcrumb"},"inLanguage":"fr-FR","potentialAction":[{"@type":"ReadAction","target":["https:\/\/location-charvin.fr\/"]}]},{"@type":"ImageObject","inLanguage":"fr-FR","@id":"https:\/\/location-charvin.fr\/#primaryimage","url":"https:\/\/location-charvin.fr\/wp-content\/uploads\/2024\/03\/Salon-4-scaled.jpg","contentUrl":"https:\/\/location-charvin.fr\/wp-content\/uploads\/2024\/03\/Salon-4-scaled.jpg","width":2560,"height":1440},{"@type":"BreadcrumbList","@id":"https:\/\/location-charvin.fr\/#breadcrumb","itemListElement":[{"@type":"ListItem","position":1,"name":"Accueil","item":"https:\/\/location-charvin.fr\/"},{"@type":"ListItem","position":2,"name":"Accueil"}]},{"@type":"WebSite","@id":"https:\/\/location-charvin.fr\/#website","url":"https:\/\/location-charvin.fr\/","name":"Location Charvin 4*","description":"Votre location de vacances tout confort","potentialAction":[{"@type":"SearchAction","target":{"@type":"EntryPoint","urlTemplate":"https:\/\/location-charvin.fr\/?s={search_term_string}"},"query-input":"required name=search_term_string"}],"inLanguage":"fr-FR"}]}},"_links":{"self":[{"href":"https:\/\/location-charvin.fr\/index.php\/wp-json\/wp\/v2\/pages\/10","targetHints":{"allow":["GET"]}}],"collection":[{"href":"https:\/\/location-charvin.fr\/index.php\/wp-json\/wp\/v2\/pages"}],"about":[{"href":"https:\/\/location-charvin.fr\/index.php\/wp-json\/wp\/v2\/types\/page"}],"author":[{"embeddable":true,"href":"https:\/\/location-charvin.fr\/index.php\/wp-json\/wp\/v2\/users\/1"}],"replies":[{"embeddable":true,"href":"https:\/\/location-charvin.fr\/index.php\/wp-json\/wp\/v2\/comments?post=10"}],"version-history":[{"count":58,"href":"https:\/\/location-charvin.fr\/index.php\/wp-json\/wp\/v2\/pages\/10\/revisions"}],"predecessor-version":[{"id":179,"href":"https:\/\/location-charvin.fr\/index.php\/wp-json\/wp\/v2\/pages\/10\/revisions\/179"}],"wp:attachment":[{"href":"https:\/\/location-charvin.fr\/index.php\/wp-json\/wp\/v2\/media?parent=10"}],"curies":[{"name":"wp","href":"https:\/\/api.w.org\/{rel}","templated":true}]}}